{"id":214,"date":"2016-02-23T08:35:38","date_gmt":"2016-02-23T08:35:38","guid":{"rendered":"http:\/\/web.bipopular.se\/?page_id=214"},"modified":"2016-03-07T18:24:49","modified_gmt":"2016-03-07T18:24:49","slug":"our-story","status":"publish","type":"page","link":"http:\/\/www.bipopular.se\/sv\/our-story\/","title":{"rendered":"Livsber\u00e4ttelse"},"content":{"rendered":"<p>&#8221;Min historia b\u00f6rjar ungef\u00e4r d\u00e4r min ton\u00e5rstid slutar. Jag brukar s\u00e4ga att det finns ett liv f\u00f6re, ett liv efter. <\/p>\n<p>Jag hade just blivit 21 och livet l\u00e5g framf\u00f6r mig; jag studerade p\u00e5 universitetet, jag skulle f\u00f6rlova mig.<\/p>\n<p>Men mina dr\u00f6mmar gick i kras. Min pojkv\u00e4n l\u00e4mnade mig och mitt brustna hj\u00e4rta och jag hamnade p\u00e5 psyk. Jag hade inte \u00e4tit och sovit p\u00e5 n\u00e5gra veckor, mina tankar sv\u00e4vade i n\u00e5got slags gr\u00e4nsland, min energi var \u00f6verm\u00e4nsklig och min \u00e5ngestben\u00e4genhet var stor.<\/p>\n<p>Jag var psykotisk sa de, manisk, sjuk, konstig, galen&#8230;och hela min v\u00e4rld rasade samman.<\/p>\n<p>Det tog sju \u00e5r att f\u00f6rst\u00e5 mitt nya jag. Det tog en resa genom helvetet f\u00f6r att f\u00f6rst\u00e5 att mina berg- och dalg\u00e5ngar var symptom p\u00e5 en sjukdom som kallas bipol\u00e4r. Multipol\u00e4r, skulle jag vilja s\u00e4ga. F\u00f6r min v\u00e4rld har inte varit svartvit, den har varit extrem, men definitivt inte svartvit. <\/p>\n<p>Efter sju \u00e5r fann jag tag p\u00e5 r\u00e4tt l\u00e4kare, r\u00e4tt medicin, r\u00e4tt terapi och med omsorgen av mina n\u00e4ra och k\u00e4ra f\u00f6rstod jag att livet fanns ocks\u00e5 till f\u00f6r mig, att det ocks\u00e5 f\u00f6r mig var m\u00f6jligt att leva det fullt ut, och att jag genom varje s\u00e4song i livet kunde skapa min mening, mitt syfte, mina tusen anledningar till att leva.<\/p>\n<p>S\u00e5 n\u00e5nstans efter detta &#8221;mitt efter&#8221; f\u00f6ddes id\u00e9n, att g\u00f6ra en applikation p\u00e5 svenska i f\u00f6rsta hand, d\u00e4r jag kunde f\u00f6lja mina hum\u00f6rsv\u00e4ngningar. Min l\u00e4ngtan var att ocks\u00e5 min l\u00e4kare skulle kunna f\u00f6lja mig och att tillsammans med applikationen ge mig precisa verktyg f\u00f6r att hantera vardagen.<\/p>\n<p>Jag \u00e4r s\u00e5 tacksam att jag i denna process tr\u00e4ffade Patrik, Rohit och Siju, som tog emot mina id\u00e9er med respekt och stort intresse. Tillsammans l\u00e4gger vi nu grunden f\u00f6r det som \u00e4r BIPOPULAR. Vi brinner alla p\u00e5 v\u00e5rt unika s\u00e4tt, f\u00f6r att hj\u00e4lpa den bipol\u00e4ra patientgruppen. Vi \u00e4r inte l\u00e4kare eller psykologer, vi \u00e4r vanliga m\u00e4nniskor med livserfarenheter, f\u00f6rm\u00e5gor och kunskap inom olika branscher och vi vill tillsammans g\u00f6ra skillnad f\u00f6r dig och det samh\u00e4lle vi alla lever i.&#8221;<\/p>\n<p>\/Veronica Schelander<br \/>\nMedgrundare av BIPOPULAR, l\u00e4rare, f\u00f6rfattare och f\u00f6rel\u00e4sare<\/p>","protected":false},"excerpt":{"rendered":"<p>&#8221;Min historia b\u00f6rjar ungef\u00e4r d\u00e4r min ton\u00e5rstid slutar. Jag brukar s\u00e4ga att det finns ett liv f\u00f6re, ett liv efter. Jag hade just blivit 21 och livet l\u00e5g framf\u00f6r mig; jag studerade p\u00e5 universitetet, jag skulle f\u00f6rlova mig. Men mina dr\u00f6mmar gick i kras. Min pojkv\u00e4n l\u00e4mnade mig och mitt brustna hj\u00e4rta och jag hamnade<\/p>\n","protected":false},"author":1,"featured_media":0,"parent":0,"menu_order":0,"comment_status":"closed","ping_status":"closed","template":"","meta":{"footnotes":""},"class_list":["post-214","page","type-page","status-publish","hentry"],"_links":{"self":[{"href":"http:\/\/www.bipopular.se\/sv\/wp-json\/wp\/v2\/pages\/214","targetHints":{"allow":["GET"]}}],"collection":[{"href":"http:\/\/www.bipopular.se\/sv\/wp-json\/wp\/v2\/pages"}],"about":[{"href":"http:\/\/www.bipopular.se\/sv\/wp-json\/wp\/v2\/types\/page"}],"author":[{"embeddable":true,"href":"http:\/\/www.bipopular.se\/sv\/wp-json\/wp\/v2\/users\/1"}],"replies":[{"embeddable":true,"href":"http:\/\/www.bipopular.se\/sv\/wp-json\/wp\/v2\/comments?post=214"}],"version-history":[{"count":32,"href":"http:\/\/www.bipopular.se\/sv\/wp-json\/wp\/v2\/pages\/214\/revisions"}],"predecessor-version":[{"id":247,"href":"http:\/\/www.bipopular.se\/sv\/wp-json\/wp\/v2\/pages\/214\/revisions\/247"}],"wp:attachment":[{"href":"http:\/\/www.bipopular.se\/sv\/wp-json\/wp\/v2\/media?parent=214"}],"curies":[{"name":"wp","href":"https:\/\/api.w.org\/{rel}","templated":true}]}}