{"id":54,"date":"2013-09-11T09:34:04","date_gmt":"2013-09-11T09:34:04","guid":{"rendered":"http:\/\/visia.themes.pixelentity.com\/?page_id=54"},"modified":"2017-11-07T02:47:57","modified_gmt":"2017-11-07T02:47:57","slug":"about-us","status":"publish","type":"page","link":"http:\/\/www.bipopular.se\/sv\/home\/about-us\/","title":{"rendered":"OM OSS"},"content":{"rendered":"<p>Att leva med bipol\u00e4r (manodepressiv) sjukdom inneb\u00e4r att man erfar livets upp- och nerg\u00e5ngar p\u00e5 extrema s\u00e4tt. Efter ett tag l\u00e4r du k\u00e4nna djupen och vidden i din sj\u00e4l, vilket skapar en k\u00e4nslighet f\u00f6r livet som kan vara sv\u00e5r f\u00f6r andra att f\u00f6rst\u00e5. Under resan, kan livet k\u00e4nnas som en berg- och dalbana, och i relation till andra kan detta skapa en m\u00e5ngbottnad k\u00e4nsla av gl\u00e4dje och sorg, av k\u00e4rlek och hat.<\/p>\n<p>\u201dBipopular kommer fr\u00e5n ordet bipol\u00e4r (bipol\u00e4r depression) och refererar till det l\u00e4ge d\u00e4r en person kan vara \u00e4lskad och hatad p\u00e5 ett relativt likartat s\u00e4tt (eller sv\u00e4nga mellan tv\u00e5 extrema motpoler).&#8221; &#8211; fritt \u00f6versatt fr\u00e5n Urban Dictionary<\/p>\n<p>Hos BIPOPULAR vill vi hj\u00e4lpa den bipol\u00e4ra patientgruppen, genom att skapa teknologi som g\u00f6r skillnad.<\/p>\n<p>V\u00e5rt m\u00e5l \u00e4r att g\u00f6ra livet lite lite enklare, genom att skapa verktyg som kan hj\u00e4lpa dig att ta st\u00f6rre kontroll \u00f6ver din egen vardag.<\/p>\n<p>Vi vet hur sv\u00e5rt det \u00e4r (l\u00e4s Veronicas <a href=\"http:\/\/www.bipopular.se\/sv\/our-story\/\" target=\"_blank\">livsber\u00e4ttelse<\/a>), men vi tror ocks\u00e5 att det \u00e4r meningen att livet ska levas fullt ut.<\/p>\n<p>D\u00e4rf\u00f6r finns vi h\u00e4r. F\u00f6r dig. I livets alla skiften.<\/p>\n<p>Vi \u00e4r mycket stolta \u00f6ver att kalla oss sj\u00e4lva BIPOPULAR och \u00f6ver att hj\u00e4lpa den bipol\u00e4ra patientgruppen, med tr\u00e4ffs\u00e4ker teknologi och kvalitativa id\u00e9er som uppmuntrar till en h\u00e4lsosammare livsstil.<\/p>","protected":false},"excerpt":{"rendered":"<p>Att leva med bipol\u00e4r (manodepressiv) sjukdom inneb\u00e4r att man erfar livets upp- och nerg\u00e5ngar p\u00e5 extrema s\u00e4tt. Efter ett tag l\u00e4r du k\u00e4nna djupen och vidden i din sj\u00e4l, vilket skapar en k\u00e4nslighet f\u00f6r livet som kan vara sv\u00e5r f\u00f6r andra att f\u00f6rst\u00e5. Under resan, kan livet k\u00e4nnas som en berg- och dalbana, och i<\/p>\n","protected":false},"author":1,"featured_media":0,"parent":55,"menu_order":1,"comment_status":"open","ping_status":"open","template":"","meta":{"footnotes":""},"class_list":["post-54","page","type-page","status-publish","hentry"],"_links":{"self":[{"href":"http:\/\/www.bipopular.se\/sv\/wp-json\/wp\/v2\/pages\/54","targetHints":{"allow":["GET"]}}],"collection":[{"href":"http:\/\/www.bipopular.se\/sv\/wp-json\/wp\/v2\/pages"}],"about":[{"href":"http:\/\/www.bipopular.se\/sv\/wp-json\/wp\/v2\/types\/page"}],"author":[{"embeddable":true,"href":"http:\/\/www.bipopular.se\/sv\/wp-json\/wp\/v2\/users\/1"}],"replies":[{"embeddable":true,"href":"http:\/\/www.bipopular.se\/sv\/wp-json\/wp\/v2\/comments?post=54"}],"version-history":[{"count":34,"href":"http:\/\/www.bipopular.se\/sv\/wp-json\/wp\/v2\/pages\/54\/revisions"}],"predecessor-version":[{"id":333,"href":"http:\/\/www.bipopular.se\/sv\/wp-json\/wp\/v2\/pages\/54\/revisions\/333"}],"up":[{"embeddable":true,"href":"http:\/\/www.bipopular.se\/sv\/wp-json\/wp\/v2\/pages\/55"}],"wp:attachment":[{"href":"http:\/\/www.bipopular.se\/sv\/wp-json\/wp\/v2\/media?parent=54"}],"curies":[{"name":"wp","href":"https:\/\/api.w.org\/{rel}","templated":true}]}}